{"id":63,"date":"2026-01-18T21:40:17","date_gmt":"2026-01-18T21:40:17","guid":{"rendered":"https:\/\/monting.oresek.eu\/?page_id=63"},"modified":"2026-04-01T20:20:11","modified_gmt":"2026-04-01T20:20:11","slug":"odgovornost","status":"publish","type":"page","link":"https:\/\/montingslo.com\/en\/odgovornost\/","title":{"rendered":"Responsibility"},"content":{"rendered":"<div data-elementor-type=\"wp-page\" data-elementor-id=\"63\" class=\"elementor elementor-63\" data-elementor-post-type=\"page\">\n\t\t\t\t<div class=\"elementor-element elementor-element-2f24e5f e-con-full e-flex e-con e-parent\" data-id=\"2f24e5f\" data-element_type=\"container\" data-e-type=\"container\" data-settings=\"{&quot;background_background&quot;:&quot;classic&quot;}\">\n\t\t\t\t<div class=\"elementor-element elementor-element-55720a8 elementor-widget elementor-widget-heading\" data-id=\"55720a8\" data-element_type=\"widget\" data-e-type=\"widget\" data-widget_type=\"heading.default\">\n\t\t\t\t\t<h2 class=\"elementor-heading-title elementor-size-default\">Responsibility<\/h2>\t\t\t\t<\/div>\n\t\t\t\t<div class=\"elementor-element elementor-element-234e75f elementor-widget__width-initial elementor-widget elementor-widget-text-editor\" data-id=\"234e75f\" data-element_type=\"widget\" data-e-type=\"widget\" data-widget_type=\"text-editor.default\">\n\t\t\t\t\t\t\t\t\t<p>Accountability is the cornerstone of our work.<\/p>\t\t\t\t\t\t\t\t<\/div>\n\t\t\t\t<\/div>\n\t\t<div class=\"elementor-element elementor-element-c81a214 e-con-full e-flex e-con e-parent\" data-id=\"c81a214\" data-element_type=\"container\" data-e-type=\"container\">\n\t\t<div class=\"elementor-element elementor-element-8f59196 e-con-full e-flex e-con e-child\" data-id=\"8f59196\" data-element_type=\"container\" data-e-type=\"container\">\n\t\t\t\t<div class=\"elementor-element elementor-element-2ecf093 elementor-widget elementor-widget-image\" data-id=\"2ecf093\" data-element_type=\"widget\" data-e-type=\"widget\" data-widget_type=\"image.default\">\n\t\t\t\t\t\t\t\t\t\t\t\t\t\t\t<img fetchpriority=\"high\" decoding=\"async\" width=\"2560\" height=\"1750\" src=\"https:\/\/montingslo.com\/wp-content\/uploads\/2026\/01\/close-up-welder-work-scaled.jpg\" class=\"attachment-full size-full wp-image-485\" alt=\"\" srcset=\"https:\/\/montingslo.com\/wp-content\/uploads\/2026\/01\/close-up-welder-work-scaled.jpg 2560w, https:\/\/montingslo.com\/wp-content\/uploads\/2026\/01\/close-up-welder-work-300x205.jpg 300w, https:\/\/montingslo.com\/wp-content\/uploads\/2026\/01\/close-up-welder-work-1024x700.jpg 1024w, https:\/\/montingslo.com\/wp-content\/uploads\/2026\/01\/close-up-welder-work-768x525.jpg 768w, https:\/\/montingslo.com\/wp-content\/uploads\/2026\/01\/close-up-welder-work-1536x1050.jpg 1536w, https:\/\/montingslo.com\/wp-content\/uploads\/2026\/01\/close-up-welder-work-2048x1400.jpg 2048w, https:\/\/montingslo.com\/wp-content\/uploads\/2026\/01\/close-up-welder-work-18x12.jpg 18w\" sizes=\"(max-width: 2560px) 100vw, 2560px\" \/>\t\t\t\t\t\t\t\t\t\t\t\t\t\t\t<\/div>\n\t\t\t\t<\/div>\n\t\t<div class=\"elementor-element elementor-element-f2d7a09 e-con-full e-flex e-con e-child\" data-id=\"f2d7a09\" data-element_type=\"container\" data-e-type=\"container\">\n\t\t<div class=\"elementor-element elementor-element-b19c73d e-con-full e-flex e-con e-child\" data-id=\"b19c73d\" data-element_type=\"container\" data-e-type=\"container\">\n\t\t\t\t<div class=\"elementor-element elementor-element-eca6e86 elementor-widget elementor-widget-heading\" data-id=\"eca6e86\" data-element_type=\"widget\" data-e-type=\"widget\" data-widget_type=\"heading.default\">\n\t\t\t\t\t<h2 class=\"elementor-heading-title elementor-size-default\">Responsibility<\/h2>\t\t\t\t<\/div>\n\t\t\t\t<div class=\"elementor-element elementor-element-a6daf6d elementor-widget elementor-widget-heading\" data-id=\"a6daf6d\" data-element_type=\"widget\" data-e-type=\"widget\" data-widget_type=\"heading.default\">\n\t\t\t\t\t<h2 class=\"elementor-heading-title elementor-size-default\">to people.<\/h2>\t\t\t\t<\/div>\n\t\t\t\t<div class=\"elementor-element elementor-element-7c3fff8 elementor-widget__width-initial elementor-widget elementor-widget-text-editor\" data-id=\"7c3fff8\" data-element_type=\"widget\" data-e-type=\"widget\" data-widget_type=\"text-editor.default\">\n\t\t\t\t\t\t\t\t\t<p>The safety, health and well-being of our employees is our priority. Through a responsible approach, regular training and strict adherence to safety standards, we create a safe and secure working environment. We believe that motivated and protected employees are the cornerstone of quality projects.<\/p>\t\t\t\t\t\t\t\t<\/div>\n\t\t\t\t<\/div>\n\t\t\t\t<\/div>\n\t\t<div class=\"elementor-element elementor-element-7aadd0b e-con-full e-flex e-con e-child\" data-id=\"7aadd0b\" data-element_type=\"container\" data-e-type=\"container\">\n\t\t<div class=\"elementor-element elementor-element-be406e8 e-con-full e-flex e-con e-child\" data-id=\"be406e8\" data-element_type=\"container\" data-e-type=\"container\">\n\t\t\t\t<div class=\"elementor-element elementor-element-ad44363 elementor-align-start elementor-icon-list--layout-traditional elementor-list-item-link-full_width elementor-widget elementor-widget-icon-list\" data-id=\"ad44363\" data-element_type=\"widget\" data-e-type=\"widget\" data-widget_type=\"icon-list.default\">\n\t\t\t\t\t\t\t<ul class=\"elementor-icon-list-items\">\n\t\t\t\t\t\t\t<li class=\"elementor-icon-list-item\">\n\t\t\t\t\t\t\t\t\t\t<span class=\"elementor-icon-list-text\">PEOPLE<\/span>\n\t\t\t\t\t\t\t\t\t<\/li>\n\t\t\t\t\t\t<\/ul>\n\t\t\t\t\t\t<\/div>\n\t\t\t\t<\/div>\n\t\t\t\t<\/div>\n\t\t\t\t<\/div>\n\t\t<div class=\"elementor-element elementor-element-72fe01b e-con-full e-flex e-con e-parent\" data-id=\"72fe01b\" data-element_type=\"container\" data-e-type=\"container\">\n\t\t<div class=\"elementor-element elementor-element-480e57b e-con-full e-flex e-con e-child\" data-id=\"480e57b\" data-element_type=\"container\" data-e-type=\"container\">\n\t\t<div class=\"elementor-element elementor-element-380326b e-con-full e-flex e-con e-child\" data-id=\"380326b\" data-element_type=\"container\" data-e-type=\"container\">\n\t\t\t\t<div class=\"elementor-element elementor-element-4b8af82 elementor-align-end elementor-icon-list--layout-traditional elementor-list-item-link-full_width elementor-widget elementor-widget-icon-list\" data-id=\"4b8af82\" data-element_type=\"widget\" data-e-type=\"widget\" data-widget_type=\"icon-list.default\">\n\t\t\t\t\t\t\t<ul class=\"elementor-icon-list-items\">\n\t\t\t\t\t\t\t<li class=\"elementor-icon-list-item\">\n\t\t\t\t\t\t\t\t\t\t<span class=\"elementor-icon-list-text\">QUALITY<\/span>\n\t\t\t\t\t\t\t\t\t<\/li>\n\t\t\t\t\t\t<\/ul>\n\t\t\t\t\t\t<\/div>\n\t\t\t\t<\/div>\n\t\t\t\t<\/div>\n\t\t<div class=\"elementor-element elementor-element-9746d88 e-con-full e-flex e-con e-child\" data-id=\"9746d88\" data-element_type=\"container\" data-e-type=\"container\">\n\t\t<div class=\"elementor-element elementor-element-d5c640c e-con-full e-flex e-con e-child\" data-id=\"d5c640c\" data-element_type=\"container\" data-e-type=\"container\">\n\t\t\t\t<div class=\"elementor-element elementor-element-d421a8d elementor-widget elementor-widget-heading\" data-id=\"d421a8d\" data-element_type=\"widget\" data-e-type=\"widget\" data-widget_type=\"heading.default\">\n\t\t\t\t\t<h2 class=\"elementor-heading-title elementor-size-default\">Responsibility<\/h2>\t\t\t\t<\/div>\n\t\t\t\t<div class=\"elementor-element elementor-element-3703a08 elementor-widget elementor-widget-heading\" data-id=\"3703a08\" data-element_type=\"widget\" data-e-type=\"widget\" data-widget_type=\"heading.default\">\n\t\t\t\t\t<h2 class=\"elementor-heading-title elementor-size-default\">to quality.<\/h2>\t\t\t\t<\/div>\n\t\t\t\t<div class=\"elementor-element elementor-element-fe0e20d elementor-widget__width-initial elementor-widget elementor-widget-text-editor\" data-id=\"fe0e20d\" data-element_type=\"widget\" data-e-type=\"widget\" data-widget_type=\"text-editor.default\">\n\t\t\t\t\t\t\t\t\t<p>We carry out each project with a high degree of precision and professionalism. Using proven materials, state-of-the-art equipment and controlled work processes, we ensure durable and reliable solutions. Our commitment to quality is reflected in long-term customer satisfaction and successfully completed projects.<\/p>\t\t\t\t\t\t\t\t<\/div>\n\t\t\t\t<\/div>\n\t\t\t\t<\/div>\n\t\t<div class=\"elementor-element elementor-element-ef82005 e-con-full e-flex e-con e-child\" data-id=\"ef82005\" data-element_type=\"container\" data-e-type=\"container\">\n\t\t\t\t<div class=\"elementor-element elementor-element-2a7f835 elementor-widget elementor-widget-image\" data-id=\"2a7f835\" data-element_type=\"widget\" data-e-type=\"widget\" data-widget_type=\"image.default\">\n\t\t\t\t\t\t\t\t\t\t\t\t\t\t\t<img decoding=\"async\" width=\"1536\" height=\"1024\" src=\"https:\/\/montingslo.com\/wp-content\/uploads\/2026\/01\/ChatGPT-Image-31.-jan.-2026-20_31_34.png\" class=\"attachment-full size-full wp-image-487\" alt=\"\" srcset=\"https:\/\/montingslo.com\/wp-content\/uploads\/2026\/01\/ChatGPT-Image-31.-jan.-2026-20_31_34.png 1536w, https:\/\/montingslo.com\/wp-content\/uploads\/2026\/01\/ChatGPT-Image-31.-jan.-2026-20_31_34-300x200.png 300w, https:\/\/montingslo.com\/wp-content\/uploads\/2026\/01\/ChatGPT-Image-31.-jan.-2026-20_31_34-1024x683.png 1024w, https:\/\/montingslo.com\/wp-content\/uploads\/2026\/01\/ChatGPT-Image-31.-jan.-2026-20_31_34-768x512.png 768w, https:\/\/montingslo.com\/wp-content\/uploads\/2026\/01\/ChatGPT-Image-31.-jan.-2026-20_31_34-18x12.png 18w\" sizes=\"(max-width: 1536px) 100vw, 1536px\" \/>\t\t\t\t\t\t\t\t\t\t\t\t\t\t\t<\/div>\n\t\t\t\t<\/div>\n\t\t\t\t<\/div>\n\t\t<div class=\"elementor-element elementor-element-3036183 e-con-full e-flex e-con e-parent\" data-id=\"3036183\" data-element_type=\"container\" data-e-type=\"container\">\n\t\t<div class=\"elementor-element elementor-element-4e70f0f e-con-full e-flex e-con e-child\" data-id=\"4e70f0f\" data-element_type=\"container\" data-e-type=\"container\">\n\t\t\t\t<div class=\"elementor-element elementor-element-21cba4a elementor-widget elementor-widget-image\" data-id=\"21cba4a\" data-element_type=\"widget\" data-e-type=\"widget\" data-widget_type=\"image.default\">\n\t\t\t\t\t\t\t\t\t\t\t\t\t\t\t<img fetchpriority=\"high\" decoding=\"async\" width=\"2560\" height=\"1750\" src=\"https:\/\/montingslo.com\/wp-content\/uploads\/2026\/01\/close-up-welder-work-scaled.jpg\" class=\"attachment-full size-full wp-image-485\" alt=\"\" srcset=\"https:\/\/montingslo.com\/wp-content\/uploads\/2026\/01\/close-up-welder-work-scaled.jpg 2560w, https:\/\/montingslo.com\/wp-content\/uploads\/2026\/01\/close-up-welder-work-300x205.jpg 300w, https:\/\/montingslo.com\/wp-content\/uploads\/2026\/01\/close-up-welder-work-1024x700.jpg 1024w, https:\/\/montingslo.com\/wp-content\/uploads\/2026\/01\/close-up-welder-work-768x525.jpg 768w, https:\/\/montingslo.com\/wp-content\/uploads\/2026\/01\/close-up-welder-work-1536x1050.jpg 1536w, https:\/\/montingslo.com\/wp-content\/uploads\/2026\/01\/close-up-welder-work-2048x1400.jpg 2048w, https:\/\/montingslo.com\/wp-content\/uploads\/2026\/01\/close-up-welder-work-18x12.jpg 18w\" sizes=\"(max-width: 2560px) 100vw, 2560px\" \/>\t\t\t\t\t\t\t\t\t\t\t\t\t\t\t<\/div>\n\t\t\t\t<\/div>\n\t\t<div class=\"elementor-element elementor-element-e300bbe e-con-full e-flex e-con e-child\" data-id=\"e300bbe\" data-element_type=\"container\" data-e-type=\"container\">\n\t\t<div class=\"elementor-element elementor-element-75d9aa1 e-con-full e-flex e-con e-child\" data-id=\"75d9aa1\" data-element_type=\"container\" data-e-type=\"container\">\n\t\t\t\t<div class=\"elementor-element elementor-element-ac5dc10 elementor-widget elementor-widget-heading\" data-id=\"ac5dc10\" data-element_type=\"widget\" data-e-type=\"widget\" data-widget_type=\"heading.default\">\n\t\t\t\t\t<h2 class=\"elementor-heading-title elementor-size-default\">Responsibility<\/h2>\t\t\t\t<\/div>\n\t\t\t\t<div class=\"elementor-element elementor-element-face7b8 elementor-widget elementor-widget-heading\" data-id=\"face7b8\" data-element_type=\"widget\" data-e-type=\"widget\" data-widget_type=\"heading.default\">\n\t\t\t\t\t<h2 class=\"elementor-heading-title elementor-size-default\">to the future.<\/h2>\t\t\t\t<\/div>\n\t\t\t\t<div class=\"elementor-element elementor-element-4b39b47 elementor-widget__width-initial elementor-widget elementor-widget-text-editor\" data-id=\"4b39b47\" data-element_type=\"widget\" data-e-type=\"widget\" data-widget_type=\"text-editor.default\">\n\t\t\t\t\t\t\t\t\t<p>Our work takes into account the long-term impacts on the environment and the wider community. By acting responsibly, continuously developing our knowledge and making informed choices, we build solutions that not only matter today, but also create value for generations to come.<\/p>\t\t\t\t\t\t\t\t<\/div>\n\t\t\t\t<div class=\"elementor-element elementor-element-6113dfc elementor-widget elementor-widget-gallery\" data-id=\"6113dfc\" data-element_type=\"widget\" data-e-type=\"widget\" data-settings=\"{&quot;columns_mobile&quot;:2,&quot;aspect_ratio&quot;:&quot;9:16&quot;,&quot;lazyload&quot;:&quot;yes&quot;,&quot;gallery_layout&quot;:&quot;grid&quot;,&quot;columns&quot;:4,&quot;columns_tablet&quot;:2,&quot;gap&quot;:{&quot;unit&quot;:&quot;px&quot;,&quot;size&quot;:10,&quot;sizes&quot;:[]},&quot;gap_tablet&quot;:{&quot;unit&quot;:&quot;px&quot;,&quot;size&quot;:10,&quot;sizes&quot;:[]},&quot;gap_mobile&quot;:{&quot;unit&quot;:&quot;px&quot;,&quot;size&quot;:10,&quot;sizes&quot;:[]},&quot;link_to&quot;:&quot;file&quot;,&quot;overlay_background&quot;:&quot;yes&quot;,&quot;content_hover_animation&quot;:&quot;fade-in&quot;}\" data-widget_type=\"gallery.default\">\n\t\t\t\t\t\t\t<div class=\"elementor-gallery__container\">\n\t\t\t\t\t\t\t<a class=\"e-gallery-item elementor-gallery-item elementor-animated-content\" href=\"https:\/\/montingslo.com\/wp-content\/uploads\/2026\/04\/MONTING-doo_Zertifikat_QS-ISO-3834_de_page-0001.jpg\" data-elementor-open-lightbox=\"yes\" data-elementor-lightbox-slideshow=\"6113dfc\" data-elementor-lightbox-title=\"MONTING doo_Zertifikat_QS ISO 3834_de_page-0001\" data-e-action-hash=\"#elementor-action%3Aaction%3Dlightbox%26settings%3DeyJpZCI6MTAyOSwidXJsIjoiaHR0cHM6XC9cL21vbnRpbmdzbG8uY29tXC93cC1jb250ZW50XC91cGxvYWRzXC8yMDI2XC8wNFwvTU9OVElORy1kb29fWmVydGlmaWthdF9RUy1JU08tMzgzNF9kZV9wYWdlLTAwMDEuanBnIiwic2xpZGVzaG93IjoiNjExM2RmYyJ9\">\n\t\t\t\t\t<div class=\"e-gallery-image elementor-gallery-item__image\" data-thumbnail=\"https:\/\/montingslo.com\/wp-content\/uploads\/2026\/04\/MONTING-doo_Zertifikat_QS-ISO-3834_de_page-0001.jpg\" data-width=\"1241\" data-height=\"1755\" aria-label=\"\" role=\"img\" ><\/div>\n\t\t\t\t\t\t\t\t\t\t\t<div class=\"elementor-gallery-item__overlay\"><\/div>\n\t\t\t\t\t\t\t\t\t\t\t\t\t\t<\/a>\n\t\t\t\t\t\t\t<a class=\"e-gallery-item elementor-gallery-item elementor-animated-content\" href=\"https:\/\/montingslo.com\/wp-content\/uploads\/2026\/04\/MONTING-doo_Zertifikat_QS-ISO-3834_en_page-0001.jpg\" data-elementor-open-lightbox=\"yes\" data-elementor-lightbox-slideshow=\"6113dfc\" data-elementor-lightbox-title=\"MONTING doo_Zertifikat_QS ISO 3834_en_page-0001\" data-e-action-hash=\"#elementor-action%3Aaction%3Dlightbox%26settings%3DeyJpZCI6MTAzMSwidXJsIjoiaHR0cHM6XC9cL21vbnRpbmdzbG8uY29tXC93cC1jb250ZW50XC91cGxvYWRzXC8yMDI2XC8wNFwvTU9OVElORy1kb29fWmVydGlmaWthdF9RUy1JU08tMzgzNF9lbl9wYWdlLTAwMDEuanBnIiwic2xpZGVzaG93IjoiNjExM2RmYyJ9\">\n\t\t\t\t\t<div class=\"e-gallery-image elementor-gallery-item__image\" data-thumbnail=\"https:\/\/montingslo.com\/wp-content\/uploads\/2026\/04\/MONTING-doo_Zertifikat_QS-ISO-3834_en_page-0001.jpg\" data-width=\"1241\" data-height=\"1755\" aria-label=\"\" role=\"img\" ><\/div>\n\t\t\t\t\t\t\t\t\t\t\t<div class=\"elementor-gallery-item__overlay\"><\/div>\n\t\t\t\t\t\t\t\t\t\t\t\t\t\t<\/a>\n\t\t\t\t\t\t\t<a class=\"e-gallery-item elementor-gallery-item elementor-animated-content\" href=\"https:\/\/montingslo.com\/wp-content\/uploads\/2026\/04\/MONTING-doo_Zertifikat_QS_ISO3834AD2000PED_scan__page-0003-scaled.jpg\" data-elementor-open-lightbox=\"yes\" data-elementor-lightbox-slideshow=\"6113dfc\" data-elementor-lightbox-title=\"MONTING doo_Zertifikat_QS_ISO3834+AD2000+PED_scan__page-0003\" data-e-action-hash=\"#elementor-action%3Aaction%3Dlightbox%26settings%3DeyJpZCI6MTAzNCwidXJsIjoiaHR0cHM6XC9cL21vbnRpbmdzbG8uY29tXC93cC1jb250ZW50XC91cGxvYWRzXC8yMDI2XC8wNFwvTU9OVElORy1kb29fWmVydGlmaWthdF9RU19JU08zODM0QUQyMDAwUEVEX3NjYW5fX3BhZ2UtMDAwMy1zY2FsZWQuanBnIiwic2xpZGVzaG93IjoiNjExM2RmYyJ9\">\n\t\t\t\t\t<div class=\"e-gallery-image elementor-gallery-item__image\" data-thumbnail=\"https:\/\/montingslo.com\/wp-content\/uploads\/2026\/04\/MONTING-doo_Zertifikat_QS_ISO3834AD2000PED_scan__page-0003-scaled.jpg\" data-width=\"1811\" data-height=\"2560\" aria-label=\"\" role=\"img\" ><\/div>\n\t\t\t\t\t\t\t\t\t\t\t<div class=\"elementor-gallery-item__overlay\"><\/div>\n\t\t\t\t\t\t\t\t\t\t\t\t\t\t<\/a>\n\t\t\t\t\t\t\t<a class=\"e-gallery-item elementor-gallery-item elementor-animated-content\" href=\"https:\/\/montingslo.com\/wp-content\/uploads\/2026\/04\/MONTING-doo_Zertifikat_QS_ISO3834AD2000PED_scan__page-0001-scaled.jpg\" data-elementor-open-lightbox=\"yes\" data-elementor-lightbox-slideshow=\"6113dfc\" data-elementor-lightbox-title=\"MONTING doo_Zertifikat_QS_ISO3834+AD2000+PED_scan__page-0001\" data-e-action-hash=\"#elementor-action%3Aaction%3Dlightbox%26settings%3DeyJpZCI6MTAzNywidXJsIjoiaHR0cHM6XC9cL21vbnRpbmdzbG8uY29tXC93cC1jb250ZW50XC91cGxvYWRzXC8yMDI2XC8wNFwvTU9OVElORy1kb29fWmVydGlmaWthdF9RU19JU08zODM0QUQyMDAwUEVEX3NjYW5fX3BhZ2UtMDAwMS1zY2FsZWQuanBnIiwic2xpZGVzaG93IjoiNjExM2RmYyJ9\">\n\t\t\t\t\t<div class=\"e-gallery-image elementor-gallery-item__image\" data-thumbnail=\"https:\/\/montingslo.com\/wp-content\/uploads\/2026\/04\/MONTING-doo_Zertifikat_QS_ISO3834AD2000PED_scan__page-0001-scaled.jpg\" data-width=\"1811\" data-height=\"2560\" aria-label=\"\" role=\"img\" ><\/div>\n\t\t\t\t\t\t\t\t\t\t\t<div class=\"elementor-gallery-item__overlay\"><\/div>\n\t\t\t\t\t\t\t\t\t\t\t\t\t\t<\/a>\n\t\t\t\t\t<\/div>\n\t\t\t\t\t<\/div>\n\t\t\t\t<\/div>\n\t\t\t\t<\/div>\n\t\t<div class=\"elementor-element elementor-element-b953c94 e-con-full elementor-hidden-tablet elementor-hidden-mobile e-flex e-con e-child\" data-id=\"b953c94\" data-element_type=\"container\" data-e-type=\"container\">\n\t\t<div class=\"elementor-element elementor-element-0690092 e-con-full e-flex e-con e-child\" data-id=\"0690092\" data-element_type=\"container\" data-e-type=\"container\">\n\t\t\t\t<div class=\"elementor-element elementor-element-44c5922 elementor-align-start elementor-icon-list--layout-traditional elementor-list-item-link-full_width elementor-widget elementor-widget-icon-list\" data-id=\"44c5922\" data-element_type=\"widget\" data-e-type=\"widget\" data-widget_type=\"icon-list.default\">\n\t\t\t\t\t\t\t<ul class=\"elementor-icon-list-items\">\n\t\t\t\t\t\t\t<li class=\"elementor-icon-list-item\">\n\t\t\t\t\t\t\t\t\t\t<span class=\"elementor-icon-list-text\">FUTURE<\/span>\n\t\t\t\t\t\t\t\t\t<\/li>\n\t\t\t\t\t\t<\/ul>\n\t\t\t\t\t\t<\/div>\n\t\t\t\t<\/div>\n\t\t\t\t<\/div>\n\t\t\t\t<\/div>\n\t\t\t\t<\/div>","protected":false},"excerpt":{"rendered":"<p>Odgovornost Odgovornost je temelj na\u0161ega delovanja. Odgovornost do ljudi. Varnost, zdravje in dobro po\u010dutje zaposlenih so na\u0161a prednostna naloga. Z [&hellip;]<\/p>\n","protected":false},"author":1,"featured_media":0,"parent":0,"menu_order":0,"comment_status":"closed","ping_status":"closed","template":"","meta":{"site-sidebar-layout":"no-sidebar","site-content-layout":"","ast-site-content-layout":"full-width-container","site-content-style":"default","site-sidebar-style":"default","ast-global-header-display":"","ast-banner-title-visibility":"","ast-main-header-display":"","ast-hfb-above-header-display":"","ast-hfb-below-header-display":"","ast-hfb-mobile-header-display":"","site-post-title":"disabled","ast-breadcrumbs-content":"","ast-featured-img":"disabled","footer-sml-layout":"","ast-disable-related-posts":"","theme-transparent-header-meta":"","adv-header-id-meta":"","stick-header-meta":"","header-above-stick-meta":"","header-main-stick-meta":"","header-below-stick-meta":"","astra-migrate-meta-layouts":"default","ast-page-background-enabled":"default","ast-page-background-meta":{"desktop":{"background-color":"var(--ast-global-color-5)","background-image":"","background-repeat":"repeat","background-position":"center center","background-size":"auto","background-attachment":"scroll","background-type":"","background-media":"","overlay-type":"","overlay-color":"","overlay-opacity":"","overlay-gradient":""},"tablet":{"background-color":"","background-image":"","background-repeat":"repeat","background-position":"center center","background-size":"auto","background-attachment":"scroll","background-type":"","background-media":"","overlay-type":"","overlay-color":"","overlay-opacity":"","overlay-gradient":""},"mobile":{"background-color":"","background-image":"","background-repeat":"repeat","background-position":"center center","background-size":"auto","background-attachment":"scroll","background-type":"","background-media":"","overlay-type":"","overlay-color":"","overlay-opacity":"","overlay-gradient":""}},"ast-content-background-meta":{"desktop":{"background-color":"var(--ast-global-color-4)","background-image":"","background-repeat":"repeat","background-position":"center center","background-size":"auto","background-attachment":"scroll","background-type":"","background-media":"","overlay-type":"","overlay-color":"","overlay-opacity":"","overlay-gradient":""},"tablet":{"background-color":"var(--ast-global-color-4)","background-image":"","background-repeat":"repeat","background-position":"center center","background-size":"auto","background-attachment":"scroll","background-type":"","background-media":"","overlay-type":"","overlay-color":"","overlay-opacity":"","overlay-gradient":""},"mobile":{"background-color":"var(--ast-global-color-4)","background-image":"","background-repeat":"repeat","background-position":"center center","background-size":"auto","background-attachment":"scroll","background-type":"","background-media":"","overlay-type":"","overlay-color":"","overlay-opacity":"","overlay-gradient":""}},"footnotes":""},"class_list":["post-63","page","type-page","status-publish","hentry"],"_links":{"self":[{"href":"https:\/\/montingslo.com\/en\/wp-json\/wp\/v2\/pages\/63","targetHints":{"allow":["GET"]}}],"collection":[{"href":"https:\/\/montingslo.com\/en\/wp-json\/wp\/v2\/pages"}],"about":[{"href":"https:\/\/montingslo.com\/en\/wp-json\/wp\/v2\/types\/page"}],"author":[{"embeddable":true,"href":"https:\/\/montingslo.com\/en\/wp-json\/wp\/v2\/users\/1"}],"replies":[{"embeddable":true,"href":"https:\/\/montingslo.com\/en\/wp-json\/wp\/v2\/comments?post=63"}],"version-history":[{"count":20,"href":"https:\/\/montingslo.com\/en\/wp-json\/wp\/v2\/pages\/63\/revisions"}],"predecessor-version":[{"id":1046,"href":"https:\/\/montingslo.com\/en\/wp-json\/wp\/v2\/pages\/63\/revisions\/1046"}],"wp:attachment":[{"href":"https:\/\/montingslo.com\/en\/wp-json\/wp\/v2\/media?parent=63"}],"curies":[{"name":"wp","href":"https:\/\/api.w.org\/{rel}","templated":true}]}}